{"id":550,"date":"2020-12-13T19:55:18","date_gmt":"2020-12-13T19:55:18","guid":{"rendered":"https:\/\/serinoski.eus\/?page_id=550"},"modified":"2020-12-13T21:23:31","modified_gmt":"2020-12-13T21:23:31","slug":"legal","status":"publish","type":"page","link":"https:\/\/serinoski.eus\/es\/legal\/","title":{"rendered":"Aviso legal"},"content":{"rendered":"<section class=\"l-section wpb_row height_medium width_full\"><div class=\"l-section-h i-cf\"><div class=\"g-cols vc_row type_default valign_top\"><div class=\"vc_col-sm-10 wpb_column vc_column_container\"><div class=\"vc_column-inner\"><div class=\"wpb_wrapper\"><div class=\"wpb_text_column padd-txt\" ><div class=\"wpb_wrapper\"><h1><strong>Aviso legal<\/strong><\/h1>\n<p><strong>DATOS IDENTIFICATIVOS<\/strong><\/p>\n<ul>\n<li>Identidad del responsable: Serinoski S.L.<\/li>\n<li>Raz\u00f3n social: Serinoski<\/li>\n<li>NIF \/ CIF: B20900122<\/li>\n<li>Correo electr\u00f3nico: serinoski@serinoski.com<\/li>\n<\/ul>\n<p><strong>T\u00c9RMINOS GENERALES DE USO<\/strong><\/p>\n<p>El acceso y\/o uso de este P\u00e1gina Web atribuye la condici\u00f3n de Usuario, que acepta los t\u00e9rminos y condiciones generales de uso para poder usar todos los servicios e informaci\u00f3n que se facilitan. Las presentes condiciones generales de uso del portal regulan el acceso y la utilizaci\u00f3n de la p\u00e1gina Web, incluyendo los contenidos y los servicios puestos a disposici\u00f3n de los usuarios. El mero acceso o utilizaci\u00f3n del portal, de todos o parte de sus contenidos y servicios significa la plena aceptaci\u00f3n de las presentes condiciones de uso.<\/p>\n<p>Para informarte de los datos personales que recabamos y la forma en que lo hacemos puedes acceder a nuestra\u00a0<a href=\"\/privacidad\/\">Pol\u00edtica de Privacidad.<\/a><\/p>\n<p>Esta web, por tanto, cumple rigurosamente con el RGPD (REGLAMENTO (UE) 2016\/679 de protecci\u00f3n de datos) y la LSSI-CE la Ley 34\/2002, de 11 de julio, de servicios de la sociedad de la informaci\u00f3n y de comercio electr\u00f3nico.<\/p>\n<p><strong>RESPONSABILIDAD<\/strong><\/p>\n<p>Todo acceso o uso que pueda hacerse de la informaci\u00f3n contenida en el mismo, es de la exclusiva responsabilidad de qui\u00e9n lo realiza. Por lo tanto, el usuario acepta, de forma expresa y sin reservas, que el acceso y la utilizaci\u00f3n del portal, se hace bajo su \u00fanica y exclusiva responsabilidad.<\/p>\n<p>La empresa se reserva la facultad de modificar en cualquier momento las condiciones generales de uso de la p\u00e1gina web. En todo caso, se recomienda que consulte peri\u00f3dicamente las presentes condiciones generales de uso, ya que pueden ser modificadas.<\/p>\n<p>No se garantiza la disponibilidad continua y permanente de los servicios, quedando de este modo exonerado de cualquier responsabilidad por posibles da\u00f1os y perjuicios causados como consecuencia de la falta de disponibilidad del servicio por motivos de fuerza mayor o errores en las redes telem\u00e1ticas de transferencia de datos, ajenos a su voluntad, o por desconexiones realizadas por trabajos de mejora o mantenimiento de los equipos y sistemas inform\u00e1ticos. No ser\u00e1 responsable por la interrupci\u00f3n, suspensi\u00f3n o finalizaci\u00f3n de la informaci\u00f3n o servicios. As\u00ed mismo, no se responsabiliza de las posibles omisiones, p\u00e9rdidas de informaci\u00f3n, datos, configuraciones, accesos indebidos o vulneraci\u00f3n de la confidencialidad que tengan origen en problemas t\u00e9cnicos, de comunicaciones u omisiones humanas, causadas por terceros o no imputables al portal. Tampoco responder\u00e1 de los da\u00f1os producidos por ataques inform\u00e1ticos o causados por virus que afecten a programas inform\u00e1ticos, sistemas de comunicaciones o equipos utilizados por la p\u00e1gina web pero fabricados o facilitados por un tercero. El portal podr\u00e1, a su sola discreci\u00f3n, denegar, retirar, suspender y\/o bloquear en cualquier momento y sin necesidad de previo aviso el acceso a la informaci\u00f3n y servicios a aquellos usuarios que incumplan las presentes normas.<\/p>\n<p>Exceptuando los casos que la Ley imponga expresamente lo contrario, y exclusivamente con la medida y extensi\u00f3n en que lo imponga, la aplicaci\u00f3n no garantiza ni asume responsabilidad alguna respecto a los posibles da\u00f1os y perjuicios causados por el uso y utilizaci\u00f3n de la informaci\u00f3n, datos y servicios de la Web.<\/p>\n<p>En todo caso, el portal excluye cualquier responsabilidad por los da\u00f1os y perjuicios que puedan deberse a la informaci\u00f3n y\/o servicios prestados o suministrados por terceros diferentes de la empresa. Toda la responsabilidad ser\u00e1 del tercero ya sea proveedor, colaborador u otro.<\/p>\n<p><strong>PROPIEDAD INTELECTUAL<\/strong><\/p>\n<p>La empresa es titular de todos los derechos de propiedad intelectual e industrial de su p\u00e1gina web, as\u00ed como de los elementos contenidos en la misma. Todos los derechos est\u00e1n reservados.<\/p>\n<p>En virtud de lo dispuesto en los art\u00edculos 8 y 32.1, p\u00e1rrafo segundo, de la Ley de Propiedad Intelectual, quedan expresamente prohibidas la reproducci\u00f3n, la distribuci\u00f3n y la comunicaci\u00f3n p\u00fablica, incluida su modalidad de puesta a disposici\u00f3n, de la totalidad o parte de los contenidos de esta p\u00e1gina web, con fines comerciales, en cualquier soporte y por cualquier medio t\u00e9cnico, sin la autorizaci\u00f3n de la empresa.<\/p>\n<p><strong>LINKS, BANNERS<\/strong><\/p>\n<p>En caso de que <strong>Serinoski<\/strong> incluya links o enlaces con otros portales, tiene una finalidad meramente informativa, y no supone que la empresa recomiende y\/o garantice dichos portales, sobre los que no ejerce control alguno, ni es responsable de los mismos.<\/p>\n<p><strong>BLOG<\/strong><\/p>\n<p>En caso de que\u00a0<strong>Serinoski<\/strong> tenga un apartado Blog, su finalidad es la difusi\u00f3n de los diferentes servicios ofrecidos por la empresa. El titular de la Web no se responsabiliza de las opiniones de los usuarios, y se reserva los derechos de borrar los comentarios que pudieran resultar ofensivos o denigrantes y bloquear e impedir los futuros comentarios provenientes de los autores de dichos comentarios.<\/p>\n<\/div><\/div><\/div><\/div><\/div><div class=\"vc_col-sm-2 wpb_column vc_column_container\"><div class=\"vc_column-inner\"><div class=\"wpb_wrapper\"><\/div><\/div><\/div><\/div><\/div><\/section>\n","protected":false},"excerpt":{"rendered":"Aviso legal DATOS IDENTIFICATIVOS Identidad del responsable: Serinoski S.L. Raz\u00f3n social: Serinoski NIF \/ CIF: B20900122 Correo electr\u00f3nico: serinoski@serinoski.com T\u00c9RMINOS GENERALES DE USO El acceso y\/o uso de este P\u00e1gina Web atribuye la condici\u00f3n de Usuario, que acepta los t\u00e9rminos y condiciones generales de uso para poder usar todos los servicios e informaci\u00f3n que se...","protected":false},"author":1,"featured_media":0,"parent":0,"menu_order":12,"comment_status":"closed","ping_status":"closed","template":"","meta":[],"yoast_head":"<!-- This site is optimized with the Yoast SEO plugin v20.6 - https:\/\/yoast.com\/wordpress\/plugins\/seo\/ -->\n<title>Aviso legal - Serinoski<\/title>\n<meta name=\"robots\" content=\"index, follow, max-snippet:-1, max-image-preview:large, max-video-preview:-1\" \/>\n<link rel=\"canonical\" href=\"https:\/\/serinoski.eus\/es\/legal\/\" \/>\n<meta property=\"og:locale\" content=\"es_ES\" \/>\n<meta property=\"og:type\" content=\"article\" \/>\n<meta property=\"og:title\" content=\"Aviso legal - Serinoski\" \/>\n<meta property=\"og:url\" content=\"https:\/\/serinoski.eus\/es\/legal\/\" \/>\n<meta property=\"og:site_name\" content=\"Serinoski\" \/>\n<meta property=\"article:modified_time\" content=\"2020-12-13T21:23:31+00:00\" \/>\n<meta name=\"twitter:card\" content=\"summary_large_image\" \/>\n<meta name=\"twitter:label1\" content=\"Tiempo de lectura\" \/>\n\t<meta name=\"twitter:data1\" content=\"4 minutos\" \/>\n<script type=\"application\/ld+json\" class=\"yoast-schema-graph\">{\"@context\":\"https:\/\/schema.org\",\"@graph\":[{\"@type\":\"WebPage\",\"@id\":\"https:\/\/serinoski.eus\/es\/legal\/\",\"url\":\"https:\/\/serinoski.eus\/es\/legal\/\",\"name\":\"Aviso legal - Serinoski\",\"isPartOf\":{\"@id\":\"https:\/\/serinoski.eus\/#website\"},\"datePublished\":\"2020-12-13T19:55:18+00:00\",\"dateModified\":\"2020-12-13T21:23:31+00:00\",\"breadcrumb\":{\"@id\":\"https:\/\/serinoski.eus\/es\/legal\/#breadcrumb\"},\"inLanguage\":\"es\",\"potentialAction\":[{\"@type\":\"ReadAction\",\"target\":[\"https:\/\/serinoski.eus\/es\/legal\/\"]}]},{\"@type\":\"BreadcrumbList\",\"@id\":\"https:\/\/serinoski.eus\/es\/legal\/#breadcrumb\",\"itemListElement\":[{\"@type\":\"ListItem\",\"position\":1,\"name\":\"Portada\",\"item\":\"https:\/\/serinoski.eus\/\"},{\"@type\":\"ListItem\",\"position\":2,\"name\":\"Aviso legal\"}]},{\"@type\":\"WebSite\",\"@id\":\"https:\/\/serinoski.eus\/#website\",\"url\":\"https:\/\/serinoski.eus\/\",\"name\":\"Serinoski\",\"description\":\"rotulaci\u00f3n profesional en Gipuzkoa\",\"publisher\":{\"@id\":\"https:\/\/serinoski.eus\/#organization\"},\"potentialAction\":[{\"@type\":\"SearchAction\",\"target\":{\"@type\":\"EntryPoint\",\"urlTemplate\":\"https:\/\/serinoski.eus\/?s={search_term_string}\"},\"query-input\":\"required name=search_term_string\"}],\"inLanguage\":\"es\"},{\"@type\":\"Organization\",\"@id\":\"https:\/\/serinoski.eus\/#organization\",\"name\":\"Serinoski\",\"url\":\"https:\/\/serinoski.eus\/\",\"logo\":{\"@type\":\"ImageObject\",\"inLanguage\":\"es\",\"@id\":\"https:\/\/serinoski.eus\/#\/schema\/logo\/image\/\",\"url\":\"https:\/\/serinoski.eus\/wp-content\/uploads\/2020\/10\/serinoski.png\",\"contentUrl\":\"https:\/\/serinoski.eus\/wp-content\/uploads\/2020\/10\/serinoski.png\",\"width\":426,\"height\":120,\"caption\":\"Serinoski\"},\"image\":{\"@id\":\"https:\/\/serinoski.eus\/#\/schema\/logo\/image\/\"}}]}<\/script>\n<!-- \/ Yoast SEO plugin. -->","yoast_head_json":{"title":"Aviso legal - Serinoski","robots":{"index":"index","follow":"follow","max-snippet":"max-snippet:-1","max-image-preview":"max-image-preview:large","max-video-preview":"max-video-preview:-1"},"canonical":"https:\/\/serinoski.eus\/es\/legal\/","og_locale":"es_ES","og_type":"article","og_title":"Aviso legal - Serinoski","og_url":"https:\/\/serinoski.eus\/es\/legal\/","og_site_name":"Serinoski","article_modified_time":"2020-12-13T21:23:31+00:00","twitter_card":"summary_large_image","twitter_misc":{"Tiempo de lectura":"4 minutos"},"schema":{"@context":"https:\/\/schema.org","@graph":[{"@type":"WebPage","@id":"https:\/\/serinoski.eus\/es\/legal\/","url":"https:\/\/serinoski.eus\/es\/legal\/","name":"Aviso legal - Serinoski","isPartOf":{"@id":"https:\/\/serinoski.eus\/#website"},"datePublished":"2020-12-13T19:55:18+00:00","dateModified":"2020-12-13T21:23:31+00:00","breadcrumb":{"@id":"https:\/\/serinoski.eus\/es\/legal\/#breadcrumb"},"inLanguage":"es","potentialAction":[{"@type":"ReadAction","target":["https:\/\/serinoski.eus\/es\/legal\/"]}]},{"@type":"BreadcrumbList","@id":"https:\/\/serinoski.eus\/es\/legal\/#breadcrumb","itemListElement":[{"@type":"ListItem","position":1,"name":"Portada","item":"https:\/\/serinoski.eus\/"},{"@type":"ListItem","position":2,"name":"Aviso legal"}]},{"@type":"WebSite","@id":"https:\/\/serinoski.eus\/#website","url":"https:\/\/serinoski.eus\/","name":"Serinoski","description":"rotulaci\u00f3n profesional en Gipuzkoa","publisher":{"@id":"https:\/\/serinoski.eus\/#organization"},"potentialAction":[{"@type":"SearchAction","target":{"@type":"EntryPoint","urlTemplate":"https:\/\/serinoski.eus\/?s={search_term_string}"},"query-input":"required name=search_term_string"}],"inLanguage":"es"},{"@type":"Organization","@id":"https:\/\/serinoski.eus\/#organization","name":"Serinoski","url":"https:\/\/serinoski.eus\/","logo":{"@type":"ImageObject","inLanguage":"es","@id":"https:\/\/serinoski.eus\/#\/schema\/logo\/image\/","url":"https:\/\/serinoski.eus\/wp-content\/uploads\/2020\/10\/serinoski.png","contentUrl":"https:\/\/serinoski.eus\/wp-content\/uploads\/2020\/10\/serinoski.png","width":426,"height":120,"caption":"Serinoski"},"image":{"@id":"https:\/\/serinoski.eus\/#\/schema\/logo\/image\/"}}]}},"_links":{"self":[{"href":"https:\/\/serinoski.eus\/es\/wp-json\/wp\/v2\/pages\/550"}],"collection":[{"href":"https:\/\/serinoski.eus\/es\/wp-json\/wp\/v2\/pages"}],"about":[{"href":"https:\/\/serinoski.eus\/es\/wp-json\/wp\/v2\/types\/page"}],"author":[{"embeddable":true,"href":"https:\/\/serinoski.eus\/es\/wp-json\/wp\/v2\/users\/1"}],"replies":[{"embeddable":true,"href":"https:\/\/serinoski.eus\/es\/wp-json\/wp\/v2\/comments?post=550"}],"version-history":[{"count":9,"href":"https:\/\/serinoski.eus\/es\/wp-json\/wp\/v2\/pages\/550\/revisions"}],"predecessor-version":[{"id":567,"href":"https:\/\/serinoski.eus\/es\/wp-json\/wp\/v2\/pages\/550\/revisions\/567"}],"wp:attachment":[{"href":"https:\/\/serinoski.eus\/es\/wp-json\/wp\/v2\/media?parent=550"}],"curies":[{"name":"wp","href":"https:\/\/api.w.org\/{rel}","templated":true}]}}