{"id":8,"date":"2020-09-30T16:59:54","date_gmt":"2020-09-30T16:59:54","guid":{"rendered":"https:\/\/serinoski.eus\/?page_id=8"},"modified":"2021-07-09T07:09:25","modified_gmt":"2021-07-09T07:09:25","slug":"asi-somos","status":"publish","type":"page","link":"https:\/\/serinoski.eus\/es\/asi-somos\/","title":{"rendered":"as\u00ed somos"},"content":{"rendered":"<section class=\"l-section wpb_row height_medium width_full\"><div class=\"l-section-h i-cf\"><div class=\"g-cols vc_row type_default valign_top\"><div class=\"vc_col-sm-8 wpb_column vc_column_container\"><div class=\"vc_column-inner\"><div class=\"wpb_wrapper\"><div class=\"wpb_text_column padd-txt\" ><div class=\"wpb_wrapper\"><h2><strong>Queremos contarle al mundo tu potencial, haci\u00e9ndote visible para tus clientes.<\/strong><br \/>\n<strong>Queremos mejorar tu presencia y destapar todo lo que puedes ofrecer. Para que se te vea bien y puedas crecer descubri\u00e9ndote, redescubri\u00e9ndote y perfilando nuevos horizontes.<\/strong><\/h2>\n<\/div><\/div><\/div><\/div><\/div><div class=\"vc_col-sm-4 wpb_column vc_column_container\"><div class=\"vc_column-inner\"><div class=\"wpb_wrapper\"><\/div><\/div><\/div><\/div><\/div><\/section><section class=\"l-section wpb_row height_auto width_full\"><div class=\"l-section-h i-cf\"><div class=\"g-cols vc_row type_default valign_top\"><div class=\"vc_col-sm-12 wpb_column vc_column_container animate_afb\"><div class=\"vc_column-inner\"><div class=\"wpb_wrapper\"><div class=\"w-separator size_huge\"><\/div><div class=\"wpb_text_column padd-txt\" ><div class=\"wpb_wrapper\"><h1 class=\"titular\"><strong>nuestros<\/strong><br \/>\n<strong>valores<\/strong><\/h1>\n<\/div><\/div><\/div><\/div><\/div><\/div><\/div><\/section><section class=\"l-section wpb_row height_medium width_full color_primary\"><div class=\"l-section-h i-cf\"><div class=\"g-cols vc_row type_default valign_top\"><div class=\"vc_col-sm-12 wpb_column vc_column_container\"><div class=\"vc_column-inner\"><div class=\"wpb_wrapper\"><div class=\"g-cols wpb_row  type_default valign_top vc_inner padd-row\"><div class=\"vc_col-sm-6 vc_col-lg-3 vc_col-md-6 vc_col-xs-12 wpb_column vc_column_container\"><div class=\"vc_column-inner\"><div class=\"wpb_wrapper\"><div class=\"wpb_text_column\" ><div class=\"wpb_wrapper\"><h2><strong>01<\/strong><\/h2>\n<h2><strong>El valor de la experiencia compartida<\/strong><\/h2>\n<p>El saber hacer y la experiencia son una garant\u00eda en nuestra actividad. Apostamos por un equipo senior que se implique y traslade su saber hacer a los nuevos talentos del mismo modo que los j\u00f3venes nos trasladar\u00e1n su frescura y nuevos conocimientos.<\/p>\n<\/div><\/div><\/div><\/div><\/div><div class=\"vc_col-sm-6 vc_col-lg-3 vc_col-md-6 vc_col-xs-12 wpb_column vc_column_container\"><div class=\"vc_column-inner\"><div class=\"wpb_wrapper\"><div class=\"wpb_text_column\" ><div class=\"wpb_wrapper\"><h2><strong>02<\/strong><\/h2>\n<h2><strong>Estar cerca y entenderte<\/strong><\/h2>\n<p>No hay proyectos grandes ni peque\u00f1os, cada empresa o negocio tiene sus necesidades. Trabajamos desde cerca para entenderlas y ofrecer la soluci\u00f3n que m\u00e1s se adapte a los requerimientos y peculiaridades de cada cliente.<\/p>\n<\/div><\/div><\/div><\/div><\/div><div class=\"vc_col-sm-6 vc_col-lg-3 vc_col-md-6 vc_col-xs-12 wpb_column vc_column_container\"><div class=\"vc_column-inner\"><div class=\"wpb_wrapper\"><div class=\"wpb_text_column\" ><div class=\"wpb_wrapper\"><h2><strong>03<\/strong><\/h2>\n<h2><strong>Si quieres algo, ve a por ello<\/strong><\/h2>\n<p>Nos crecemos ante los retos. La actitud es ir a por el s\u00ed, y es tambi\u00e9n lo que les proponemos a nuestros clientes. \u00bfy si lo hacemos? Creemos en las capacidades y en el potencial de las empresas de nuestro entorno y queremos ayudar a que crezcan.<\/p>\n<\/div><\/div><\/div><\/div><\/div><div class=\"vc_col-sm-6 vc_col-lg-3 vc_col-md-6 vc_col-xs-12 wpb_column vc_column_container\"><div class=\"vc_column-inner\"><div class=\"wpb_wrapper\"><div class=\"wpb_text_column\" ><div class=\"wpb_wrapper\"><h2><strong>04<\/strong><\/h2>\n<h2><strong>Pasi\u00f3n por nuestro trabajo<\/strong><\/h2>\n<p>Nos sentimos c\u00f3modos y seguros con lo que hacemos, y queremos seguir siendo felices en nuestro trabajo. Un trabajo trepidante, en el que luchamos por mantener un ritmo que no nos haga perder la alegr\u00eda. Trasladar esto a nuestros clientes y al equipo nos enorgullece.<\/p>\n<\/div><\/div><\/div><\/div><\/div><\/div><\/div><\/div><\/div><\/div><\/div><\/section>\n","protected":false},"excerpt":{"rendered":"Queremos contarle al mundo tu potencial, haci\u00e9ndote visible para tus clientes. Queremos mejorar tu presencia y destapar todo lo que puedes ofrecer. Para que se te vea bien y puedas crecer descubri\u00e9ndote, redescubri\u00e9ndote y perfilando nuevos horizontes. nuestros valores 01 El valor de la experiencia compartida El saber hacer y la experiencia son una garant\u00eda...","protected":false},"author":1,"featured_media":0,"parent":0,"menu_order":1,"comment_status":"closed","ping_status":"closed","template":"","meta":[],"yoast_head":"<!-- This site is optimized with the Yoast SEO plugin v20.6 - https:\/\/yoast.com\/wordpress\/plugins\/seo\/ -->\n<title>As\u00ed somos \u00b7 Serinoski, Rotulaci\u00f3n profesional<\/title>\n<meta name=\"description\" content=\"Queremos contarle al mundo tu potencial, haci\u00e9ndote visible para tus clientes. Queremos mejorar tu presencia y destapar todo lo que puedes ofrecer.\" \/>\n<meta name=\"robots\" content=\"index, follow, max-snippet:-1, max-image-preview:large, max-video-preview:-1\" \/>\n<link rel=\"canonical\" href=\"https:\/\/serinoski.eus\/es\/asi-somos\/\" \/>\n<meta property=\"og:locale\" content=\"es_ES\" \/>\n<meta property=\"og:type\" content=\"article\" \/>\n<meta property=\"og:title\" content=\"As\u00ed somos \u00b7 Serinoski, Rotulaci\u00f3n profesional\" \/>\n<meta property=\"og:description\" content=\"Queremos contarle al mundo tu potencial, haci\u00e9ndote visible para tus clientes. Queremos mejorar tu presencia y destapar todo lo que puedes ofrecer.\" \/>\n<meta property=\"og:url\" content=\"https:\/\/serinoski.eus\/es\/asi-somos\/\" \/>\n<meta property=\"og:site_name\" content=\"Serinoski\" \/>\n<meta property=\"article:modified_time\" content=\"2021-07-09T07:09:25+00:00\" \/>\n<meta name=\"twitter:card\" content=\"summary_large_image\" \/>\n<meta name=\"twitter:label1\" content=\"Tiempo de lectura\" \/>\n\t<meta name=\"twitter:data1\" content=\"2 minutos\" \/>\n<script type=\"application\/ld+json\" class=\"yoast-schema-graph\">{\"@context\":\"https:\/\/schema.org\",\"@graph\":[{\"@type\":\"WebPage\",\"@id\":\"https:\/\/serinoski.eus\/es\/asi-somos\/\",\"url\":\"https:\/\/serinoski.eus\/es\/asi-somos\/\",\"name\":\"As\u00ed somos \u00b7 Serinoski, Rotulaci\u00f3n profesional\",\"isPartOf\":{\"@id\":\"https:\/\/serinoski.eus\/#website\"},\"datePublished\":\"2020-09-30T16:59:54+00:00\",\"dateModified\":\"2021-07-09T07:09:25+00:00\",\"description\":\"Queremos contarle al mundo tu potencial, haci\u00e9ndote visible para tus clientes. Queremos mejorar tu presencia y destapar todo lo que puedes ofrecer.\",\"breadcrumb\":{\"@id\":\"https:\/\/serinoski.eus\/es\/asi-somos\/#breadcrumb\"},\"inLanguage\":\"es\",\"potentialAction\":[{\"@type\":\"ReadAction\",\"target\":[\"https:\/\/serinoski.eus\/es\/asi-somos\/\"]}]},{\"@type\":\"BreadcrumbList\",\"@id\":\"https:\/\/serinoski.eus\/es\/asi-somos\/#breadcrumb\",\"itemListElement\":[{\"@type\":\"ListItem\",\"position\":1,\"name\":\"Portada\",\"item\":\"https:\/\/serinoski.eus\/\"},{\"@type\":\"ListItem\",\"position\":2,\"name\":\"as\u00ed somos\"}]},{\"@type\":\"WebSite\",\"@id\":\"https:\/\/serinoski.eus\/#website\",\"url\":\"https:\/\/serinoski.eus\/\",\"name\":\"Serinoski\",\"description\":\"rotulaci\u00f3n profesional en Gipuzkoa\",\"publisher\":{\"@id\":\"https:\/\/serinoski.eus\/#organization\"},\"potentialAction\":[{\"@type\":\"SearchAction\",\"target\":{\"@type\":\"EntryPoint\",\"urlTemplate\":\"https:\/\/serinoski.eus\/?s={search_term_string}\"},\"query-input\":\"required name=search_term_string\"}],\"inLanguage\":\"es\"},{\"@type\":\"Organization\",\"@id\":\"https:\/\/serinoski.eus\/#organization\",\"name\":\"Serinoski\",\"url\":\"https:\/\/serinoski.eus\/\",\"logo\":{\"@type\":\"ImageObject\",\"inLanguage\":\"es\",\"@id\":\"https:\/\/serinoski.eus\/#\/schema\/logo\/image\/\",\"url\":\"https:\/\/serinoski.eus\/wp-content\/uploads\/2020\/10\/serinoski.png\",\"contentUrl\":\"https:\/\/serinoski.eus\/wp-content\/uploads\/2020\/10\/serinoski.png\",\"width\":426,\"height\":120,\"caption\":\"Serinoski\"},\"image\":{\"@id\":\"https:\/\/serinoski.eus\/#\/schema\/logo\/image\/\"}}]}<\/script>\n<!-- \/ Yoast SEO plugin. -->","yoast_head_json":{"title":"As\u00ed somos \u00b7 Serinoski, Rotulaci\u00f3n profesional","description":"Queremos contarle al mundo tu potencial, haci\u00e9ndote visible para tus clientes. Queremos mejorar tu presencia y destapar todo lo que puedes ofrecer.","robots":{"index":"index","follow":"follow","max-snippet":"max-snippet:-1","max-image-preview":"max-image-preview:large","max-video-preview":"max-video-preview:-1"},"canonical":"https:\/\/serinoski.eus\/es\/asi-somos\/","og_locale":"es_ES","og_type":"article","og_title":"As\u00ed somos \u00b7 Serinoski, Rotulaci\u00f3n profesional","og_description":"Queremos contarle al mundo tu potencial, haci\u00e9ndote visible para tus clientes. Queremos mejorar tu presencia y destapar todo lo que puedes ofrecer.","og_url":"https:\/\/serinoski.eus\/es\/asi-somos\/","og_site_name":"Serinoski","article_modified_time":"2021-07-09T07:09:25+00:00","twitter_card":"summary_large_image","twitter_misc":{"Tiempo de lectura":"2 minutos"},"schema":{"@context":"https:\/\/schema.org","@graph":[{"@type":"WebPage","@id":"https:\/\/serinoski.eus\/es\/asi-somos\/","url":"https:\/\/serinoski.eus\/es\/asi-somos\/","name":"As\u00ed somos \u00b7 Serinoski, Rotulaci\u00f3n profesional","isPartOf":{"@id":"https:\/\/serinoski.eus\/#website"},"datePublished":"2020-09-30T16:59:54+00:00","dateModified":"2021-07-09T07:09:25+00:00","description":"Queremos contarle al mundo tu potencial, haci\u00e9ndote visible para tus clientes. Queremos mejorar tu presencia y destapar todo lo que puedes ofrecer.","breadcrumb":{"@id":"https:\/\/serinoski.eus\/es\/asi-somos\/#breadcrumb"},"inLanguage":"es","potentialAction":[{"@type":"ReadAction","target":["https:\/\/serinoski.eus\/es\/asi-somos\/"]}]},{"@type":"BreadcrumbList","@id":"https:\/\/serinoski.eus\/es\/asi-somos\/#breadcrumb","itemListElement":[{"@type":"ListItem","position":1,"name":"Portada","item":"https:\/\/serinoski.eus\/"},{"@type":"ListItem","position":2,"name":"as\u00ed somos"}]},{"@type":"WebSite","@id":"https:\/\/serinoski.eus\/#website","url":"https:\/\/serinoski.eus\/","name":"Serinoski","description":"rotulaci\u00f3n profesional en Gipuzkoa","publisher":{"@id":"https:\/\/serinoski.eus\/#organization"},"potentialAction":[{"@type":"SearchAction","target":{"@type":"EntryPoint","urlTemplate":"https:\/\/serinoski.eus\/?s={search_term_string}"},"query-input":"required name=search_term_string"}],"inLanguage":"es"},{"@type":"Organization","@id":"https:\/\/serinoski.eus\/#organization","name":"Serinoski","url":"https:\/\/serinoski.eus\/","logo":{"@type":"ImageObject","inLanguage":"es","@id":"https:\/\/serinoski.eus\/#\/schema\/logo\/image\/","url":"https:\/\/serinoski.eus\/wp-content\/uploads\/2020\/10\/serinoski.png","contentUrl":"https:\/\/serinoski.eus\/wp-content\/uploads\/2020\/10\/serinoski.png","width":426,"height":120,"caption":"Serinoski"},"image":{"@id":"https:\/\/serinoski.eus\/#\/schema\/logo\/image\/"}}]}},"_links":{"self":[{"href":"https:\/\/serinoski.eus\/es\/wp-json\/wp\/v2\/pages\/8"}],"collection":[{"href":"https:\/\/serinoski.eus\/es\/wp-json\/wp\/v2\/pages"}],"about":[{"href":"https:\/\/serinoski.eus\/es\/wp-json\/wp\/v2\/types\/page"}],"author":[{"embeddable":true,"href":"https:\/\/serinoski.eus\/es\/wp-json\/wp\/v2\/users\/1"}],"replies":[{"embeddable":true,"href":"https:\/\/serinoski.eus\/es\/wp-json\/wp\/v2\/comments?post=8"}],"version-history":[{"count":30,"href":"https:\/\/serinoski.eus\/es\/wp-json\/wp\/v2\/pages\/8\/revisions"}],"predecessor-version":[{"id":686,"href":"https:\/\/serinoski.eus\/es\/wp-json\/wp\/v2\/pages\/8\/revisions\/686"}],"wp:attachment":[{"href":"https:\/\/serinoski.eus\/es\/wp-json\/wp\/v2\/media?parent=8"}],"curies":[{"name":"wp","href":"https:\/\/api.w.org\/{rel}","templated":true}]}}